{"id":2106,"date":"2025-11-20T09:40:06","date_gmt":"2025-11-20T07:40:06","guid":{"rendered":"http:\/\/91.190.194.27\/wordpress\/?page_id=2106"},"modified":"2025-12-09T08:05:46","modified_gmt":"2025-12-09T06:05:46","slug":"faq","status":"publish","type":"page","link":"https:\/\/akkukerays.fi\/index.php\/faq\/","title":{"rendered":"FAQ"},"content":{"rendered":"\n<div class=\"wp-block-cover alignfull\" style=\"min-height:571px;aspect-ratio:unset;\"><img loading=\"lazy\" decoding=\"async\" width=\"2048\" height=\"1365\" class=\"wp-block-cover__image-background wp-image-1487 size-full\" alt=\"\" src=\"http:\/\/91.190.194.27\/wordpress\/wp-content\/uploads\/2022\/01\/DSC3723.jpg\" style=\"object-position:42% 49%\" data-object-fit=\"cover\" data-object-position=\"42% 49%\" srcset=\"https:\/\/akkukerays.fi\/wp-content\/uploads\/2022\/01\/DSC3723.jpg 2048w, https:\/\/akkukerays.fi\/wp-content\/uploads\/2022\/01\/DSC3723-300x200.jpg 300w, https:\/\/akkukerays.fi\/wp-content\/uploads\/2022\/01\/DSC3723-1024x683.jpg 1024w, https:\/\/akkukerays.fi\/wp-content\/uploads\/2022\/01\/DSC3723-768x512.jpg 768w, https:\/\/akkukerays.fi\/wp-content\/uploads\/2022\/01\/DSC3723-1536x1024.jpg 1536w\" sizes=\"auto, (max-width: 2048px) 100vw, 2048px\" \/><span aria-hidden=\"true\" class=\"wp-block-cover__background has-ast-global-color-4-background-color has-background-dim-80 has-background-dim\"><\/span><div class=\"wp-block-cover__inner-container is-layout-constrained wp-block-cover-is-layout-constrained\">\n<h1 class=\"wp-block-heading has-text-align-center has-ast-global-color-2-color has-text-color has-link-color has-x-large-font-size wp-elements-3f8976a75d1d7bf7204769e923a54c82\">Usein kysytty\u00e4<\/h1>\n<\/div><\/div>\n\n\n\n<div class=\"wp-block-uagb-container uagb-block-178b5b2a alignfull uagb-is-root-container\"><div class=\"uagb-container-inner-blocks-wrap\">\n<div style=\"height:50px\" aria-hidden=\"true\" class=\"wp-block-spacer\"><\/div>\n\n\n\n<figure class=\"wp-block-image aligncenter size-full is-resized\"><img loading=\"lazy\" decoding=\"async\" width=\"1587\" height=\"1077\" src=\"http:\/\/91.190.194.27\/wordpress\/wp-content\/uploads\/2022\/01\/Akkuja3.jpg\" alt=\"\" class=\"wp-image-1631\" style=\"width:500px\" srcset=\"https:\/\/akkukerays.fi\/wp-content\/uploads\/2022\/01\/Akkuja3.jpg 1587w, https:\/\/akkukerays.fi\/wp-content\/uploads\/2022\/01\/Akkuja3-300x204.jpg 300w, https:\/\/akkukerays.fi\/wp-content\/uploads\/2022\/01\/Akkuja3-1024x695.jpg 1024w, https:\/\/akkukerays.fi\/wp-content\/uploads\/2022\/01\/Akkuja3-768x521.jpg 768w, https:\/\/akkukerays.fi\/wp-content\/uploads\/2022\/01\/Akkuja3-1536x1042.jpg 1536w\" sizes=\"auto, (max-width: 1587px) 100vw, 1587px\" \/><\/figure>\n\n\n\n<div style=\"height:55px\" aria-hidden=\"true\" class=\"wp-block-spacer\"><\/div>\n\n\n<div class=\"wp-block-uagb-faq uagb-faq__outer-wrap uagb-block-10ea7638 uagb-faq-icon-row uagb-faq-layout-accordion uagb-faq-expand-first-false uagb-faq-inactive-other-true uagb-faq__wrap uagb-buttons-layout-wrap uagb-faq-equal-height     \" data-faqtoggle=\"true\" role=\"tablist\"><div class=\"wp-block-uagb-faq-child uagb-faq-child__outer-wrap uagb-faq-item uagb-block-275dd747 \" role=\"tab\" tabindex=\"0\"><div class=\"uagb-faq-questions-button uagb-faq-questions\">\t\t\t<span class=\"uagb-icon uagb-faq-icon-wrap\">\n\t\t\t\t\t\t\t\t<svg xmlns=\"https:\/\/www.w3.org\/2000\/svg\" viewBox= \"0 0 448 512\"><path d=\"M432 256c0 17.69-14.33 32.01-32 32.01H256v144c0 17.69-14.33 31.99-32 31.99s-32-14.3-32-31.99v-144H48c-17.67 0-32-14.32-32-32.01s14.33-31.99 32-31.99H192v-144c0-17.69 14.33-32.01 32-32.01s32 14.32 32 32.01v144h144C417.7 224 432 238.3 432 256z\"><\/path><\/svg>\n\t\t\t\t\t\t\t<\/span>\n\t\t\t\t\t\t<span class=\"uagb-icon-active uagb-faq-icon-wrap\">\n\t\t\t\t\t\t\t\t<svg xmlns=\"https:\/\/www.w3.org\/2000\/svg\" viewBox= \"0 0 448 512\"><path d=\"M400 288h-352c-17.69 0-32-14.32-32-32.01s14.31-31.99 32-31.99h352c17.69 0 32 14.3 32 31.99S417.7 288 400 288z\"><\/path><\/svg>\n\t\t\t\t\t\t\t<\/span>\n\t\t\t<h5 class=\"uagb-question\">Miten saan akun kierr\u00e4tykseen?<\/h5><\/div><div class=\"uagb-faq-content\"><p>Ota meihin yhteytt\u00e4 puhelimitse arkisin klo 7:30-16:00 tai s\u00e4hk\u00f6postilla. Sovimme akkujen noudosta tai tuonnista kanssasi.\u00a0<\/p><\/div><\/div><div class=\"wp-block-uagb-faq-child uagb-faq-child__outer-wrap uagb-faq-item uagb-block-61ee3e68 \" role=\"tab\" tabindex=\"0\"><div class=\"uagb-faq-questions-button uagb-faq-questions\">\t\t\t<span class=\"uagb-icon uagb-faq-icon-wrap\">\n\t\t\t\t\t\t\t\t<svg xmlns=\"https:\/\/www.w3.org\/2000\/svg\" viewBox= \"0 0 448 512\"><path d=\"M432 256c0 17.69-14.33 32.01-32 32.01H256v144c0 17.69-14.33 31.99-32 31.99s-32-14.3-32-31.99v-144H48c-17.67 0-32-14.32-32-32.01s14.33-31.99 32-31.99H192v-144c0-17.69 14.33-32.01 32-32.01s32 14.32 32 32.01v144h144C417.7 224 432 238.3 432 256z\"><\/path><\/svg>\n\t\t\t\t\t\t\t<\/span>\n\t\t\t\t\t\t<span class=\"uagb-icon-active uagb-faq-icon-wrap\">\n\t\t\t\t\t\t\t\t<svg xmlns=\"https:\/\/www.w3.org\/2000\/svg\" viewBox= \"0 0 448 512\"><path d=\"M400 288h-352c-17.69 0-32-14.32-32-32.01s14.31-31.99 32-31.99h352c17.69 0 32 14.3 32 31.99S417.7 288 400 288z\"><\/path><\/svg>\n\t\t\t\t\t\t\t<\/span>\n\t\t\t<h5 class=\"uagb-question\">Miksi toisin akut kierr\u00e4tykseen juuri teille?<\/h5><\/div><div class=\"uagb-faq-content\"><p>Olemme vastuullinen, kotimainen toimija, joka kierr\u00e4tt\u00e4\u00e4 lyijyakut l\u00e4hes sataprosenttisesti. Tarjoamme sinulle lyijyn markkinahinnan mukaisen palkkion suuremmista akkum\u00e4\u00e4rist\u00e4. Toimipaikkamme sijaitsee Raumalla, mutta toimialueemme kattaa koko Suomen. Yhteisty\u00f6kumppanimme Kaukokiito noutaa akut ilmaiseksi ja sen mukana saat meilt\u00e4 niiden kuljetukseen soveltuvat kierr\u00e4tyslaatikot.<\/p><\/div><\/div><div class=\"wp-block-uagb-faq-child uagb-faq-child__outer-wrap uagb-faq-item uagb-block-95347b3c \" role=\"tab\" tabindex=\"0\"><div class=\"uagb-faq-questions-button uagb-faq-questions\">\t\t\t<span class=\"uagb-icon uagb-faq-icon-wrap\">\n\t\t\t\t\t\t\t\t<svg xmlns=\"https:\/\/www.w3.org\/2000\/svg\" viewBox= \"0 0 448 512\"><path d=\"M432 256c0 17.69-14.33 32.01-32 32.01H256v144c0 17.69-14.33 31.99-32 31.99s-32-14.3-32-31.99v-144H48c-17.67 0-32-14.32-32-32.01s14.33-31.99 32-31.99H192v-144c0-17.69 14.33-32.01 32-32.01s32 14.32 32 32.01v144h144C417.7 224 432 238.3 432 256z\"><\/path><\/svg>\n\t\t\t\t\t\t\t<\/span>\n\t\t\t\t\t\t<span class=\"uagb-icon-active uagb-faq-icon-wrap\">\n\t\t\t\t\t\t\t\t<svg xmlns=\"https:\/\/www.w3.org\/2000\/svg\" viewBox= \"0 0 448 512\"><path d=\"M400 288h-352c-17.69 0-32-14.32-32-32.01s14.31-31.99 32-31.99h352c17.69 0 32 14.3 32 31.99S417.7 288 400 288z\"><\/path><\/svg>\n\t\t\t\t\t\t\t<\/span>\n\t\t\t<h5 class=\"uagb-question\">Miten hy\u00f6dyn akkujen kierr\u00e4tt\u00e4misest\u00e4 kauttanne?<\/h5><\/div><div class=\"uagb-faq-content\"><p>T\u00e4rkeimp\u00e4n\u00e4, p\u00e4\u00e4set vaivatta eroon akuistasi vastuullisen toimijan avustuksella ja saat kierr\u00e4tt\u00e4mist\u00e4si akuista lis\u00e4ksi kilpailukykyisen palkkion. Samalla tuet kotimaista kiertotaloutta.<\/p><\/div><\/div><div class=\"wp-block-uagb-faq-child uagb-faq-child__outer-wrap uagb-faq-item uagb-block-2a86284f \" role=\"tab\" tabindex=\"0\"><div class=\"uagb-faq-questions-button uagb-faq-questions\">\t\t\t<span class=\"uagb-icon uagb-faq-icon-wrap\">\n\t\t\t\t\t\t\t\t<svg xmlns=\"https:\/\/www.w3.org\/2000\/svg\" viewBox= \"0 0 448 512\"><path d=\"M432 256c0 17.69-14.33 32.01-32 32.01H256v144c0 17.69-14.33 31.99-32 31.99s-32-14.3-32-31.99v-144H48c-17.67 0-32-14.32-32-32.01s14.33-31.99 32-31.99H192v-144c0-17.69 14.33-32.01 32-32.01s32 14.32 32 32.01v144h144C417.7 224 432 238.3 432 256z\"><\/path><\/svg>\n\t\t\t\t\t\t\t<\/span>\n\t\t\t\t\t\t<span class=\"uagb-icon-active uagb-faq-icon-wrap\">\n\t\t\t\t\t\t\t\t<svg xmlns=\"https:\/\/www.w3.org\/2000\/svg\" viewBox= \"0 0 448 512\"><path d=\"M400 288h-352c-17.69 0-32-14.32-32-32.01s14.31-31.99 32-31.99h352c17.69 0 32 14.3 32 31.99S417.7 288 400 288z\"><\/path><\/svg>\n\t\t\t\t\t\t\t<\/span>\n\t\t\t<h5 class=\"uagb-question\">Voiko yksityinen henkil\u00f6 tuoda meille akkuja? Voiko teille tuoda yksitt\u00e4isen akun tai akkuja?<\/h5><\/div><div class=\"uagb-faq-content\"><p>Otamme romuakkuja vastaan my\u00f6s yksityishenkil\u00f6ilt\u00e4, m\u00e4\u00e4r\u00e4\u00e4n tai kokoon katsomatta. Lis\u00e4tietoa saat ottamalla meihin yhteytt\u00e4, soittamalla tai s\u00e4hk\u00f6postilla. Kuullaan!<\/p><\/div><\/div><div class=\"wp-block-uagb-faq-child uagb-faq-child__outer-wrap uagb-faq-item uagb-block-782bab0d \" role=\"tab\" tabindex=\"0\"><div class=\"uagb-faq-questions-button uagb-faq-questions\">\t\t\t<span class=\"uagb-icon uagb-faq-icon-wrap\">\n\t\t\t\t\t\t\t\t<svg xmlns=\"https:\/\/www.w3.org\/2000\/svg\" viewBox= \"0 0 448 512\"><path d=\"M432 256c0 17.69-14.33 32.01-32 32.01H256v144c0 17.69-14.33 31.99-32 31.99s-32-14.3-32-31.99v-144H48c-17.67 0-32-14.32-32-32.01s14.33-31.99 32-31.99H192v-144c0-17.69 14.33-32.01 32-32.01s32 14.32 32 32.01v144h144C417.7 224 432 238.3 432 256z\"><\/path><\/svg>\n\t\t\t\t\t\t\t<\/span>\n\t\t\t\t\t\t<span class=\"uagb-icon-active uagb-faq-icon-wrap\">\n\t\t\t\t\t\t\t\t<svg xmlns=\"https:\/\/www.w3.org\/2000\/svg\" viewBox= \"0 0 448 512\"><path d=\"M400 288h-352c-17.69 0-32-14.32-32-32.01s14.31-31.99 32-31.99h352c17.69 0 32 14.3 32 31.99S417.7 288 400 288z\"><\/path><\/svg>\n\t\t\t\t\t\t\t<\/span>\n\t\t\t<h5 class=\"uagb-question\">Mit\u00e4 akkuja otatte vastaan?<\/h5><\/div><div class=\"uagb-faq-content\"><p>Yrityksemme ottaa vastaan vain lyijyakkuja.<\/p><\/div><\/div><div class=\"wp-block-uagb-faq-child uagb-faq-child__outer-wrap uagb-faq-item uagb-block-c5e75f54 \" role=\"tab\" tabindex=\"0\"><div class=\"uagb-faq-questions-button uagb-faq-questions\">\t\t\t<span class=\"uagb-icon uagb-faq-icon-wrap\">\n\t\t\t\t\t\t\t\t<svg xmlns=\"https:\/\/www.w3.org\/2000\/svg\" viewBox= \"0 0 448 512\"><path d=\"M432 256c0 17.69-14.33 32.01-32 32.01H256v144c0 17.69-14.33 31.99-32 31.99s-32-14.3-32-31.99v-144H48c-17.67 0-32-14.32-32-32.01s14.33-31.99 32-31.99H192v-144c0-17.69 14.33-32.01 32-32.01s32 14.32 32 32.01v144h144C417.7 224 432 238.3 432 256z\"><\/path><\/svg>\n\t\t\t\t\t\t\t<\/span>\n\t\t\t\t\t\t<span class=\"uagb-icon-active uagb-faq-icon-wrap\">\n\t\t\t\t\t\t\t\t<svg xmlns=\"https:\/\/www.w3.org\/2000\/svg\" viewBox= \"0 0 448 512\"><path d=\"M400 288h-352c-17.69 0-32-14.32-32-32.01s14.31-31.99 32-31.99h352c17.69 0 32 14.3 32 31.99S417.7 288 400 288z\"><\/path><\/svg>\n\t\t\t\t\t\t\t<\/span>\n\t\t\t<h5 class=\"uagb-question\">Onko palvelua k\u00e4ytetty ennenkin? Ovatko muut tuoneet akkuja?<\/h5><\/div><div class=\"uagb-faq-content\"><p>Yrityksemme on toiminut ymp\u00e4rist\u00f6\u00e4 kunnioittavana kierr\u00e4tysalan toimijana jo vuodesta 1989 l\u00e4htien. T\u00e4n\u00e4 aikana olemme kierr\u00e4tt\u00e4neet uusiok\u00e4ytt\u00f6\u00f6n lyijyakkuja satojen tonnien edest\u00e4. Meill\u00e4 on kattava yhteisty\u00f6kumppaniverkosto ja olemmekin saaneet tunnustusta vastuullisena toimijana.<\/p><\/div><\/div><div class=\"wp-block-uagb-faq-child uagb-faq-child__outer-wrap uagb-faq-item uagb-block-df84280e \" role=\"tab\" tabindex=\"0\"><div class=\"uagb-faq-questions-button uagb-faq-questions\">\t\t\t<span class=\"uagb-icon uagb-faq-icon-wrap\">\n\t\t\t\t\t\t\t\t<svg xmlns=\"https:\/\/www.w3.org\/2000\/svg\" viewBox= \"0 0 448 512\"><path d=\"M432 256c0 17.69-14.33 32.01-32 32.01H256v144c0 17.69-14.33 31.99-32 31.99s-32-14.3-32-31.99v-144H48c-17.67 0-32-14.32-32-32.01s14.33-31.99 32-31.99H192v-144c0-17.69 14.33-32.01 32-32.01s32 14.32 32 32.01v144h144C417.7 224 432 238.3 432 256z\"><\/path><\/svg>\n\t\t\t\t\t\t\t<\/span>\n\t\t\t\t\t\t<span class=\"uagb-icon-active uagb-faq-icon-wrap\">\n\t\t\t\t\t\t\t\t<svg xmlns=\"https:\/\/www.w3.org\/2000\/svg\" viewBox= \"0 0 448 512\"><path d=\"M400 288h-352c-17.69 0-32-14.32-32-32.01s14.31-31.99 32-31.99h352c17.69 0 32 14.3 32 31.99S417.7 288 400 288z\"><\/path><\/svg>\n\t\t\t\t\t\t\t<\/span>\n\t\t\t<h5 class=\"uagb-question\">Mihin akut menev\u00e4t? Mit\u00e4 niille k\u00e4y?<\/h5><\/div><div class=\"uagb-faq-content\"><p>Kierr\u00e4t\u00e4mme kaikki akut murskaimen avulla, joka erottelee akuista sen kaikki jakeet. Jakeet toimitetaan lyijysulattamoihin uusien akkujen valmistukseen. Voit lukea tarkemmin kierr\u00e4tysprosessista kotisivuiltamme.<\/p><\/div><\/div><\/div>\n\n\n<div style=\"height:50px\" aria-hidden=\"true\" class=\"wp-block-spacer\"><\/div>\n\n\n\n<h4 class=\"wp-block-heading has-text-align-center\">Onko sinulla muita kysymyksi\u00e4 yrityksellemme?<\/h4>\n\n\n\n<p class=\"has-text-align-center\">Jos jokin j\u00e4i askarruttamaan, ota rohkeasti yhteytt\u00e4 ja selvitet\u00e4\u00e4n miten voisimme parhaiten palvella.<\/p>\n\n\n\n<div class=\"wp-block-buttons is-content-justification-center is-layout-flex wp-container-core-buttons-is-layout-a89b3969 wp-block-buttons-is-layout-flex\">\n<div class=\"wp-block-button\"><a class=\"wp-block-button__link wp-element-button\" href=\"https:\/\/akkukerays.fi\/index.php\/yhteystiedot\/\">Ota yhteytt\u00e4!<\/a><\/div>\n<\/div>\n\n\n\n<div style=\"height:50px\" aria-hidden=\"true\" class=\"wp-block-spacer\"><\/div>\n<\/div><\/div>\n\n\n\n<p><\/p>\n","protected":false},"excerpt":{"rendered":"<p>Onko sinulla muita kysymyksi\u00e4 yrityksellemme? Jos jokin j\u00e4i askarruttamaan, ota rohkeasti yhteytt\u00e4 ja selvitet\u00e4\u00e4n miten voisimme parhaiten palvella.<\/p>\n","protected":false},"author":1,"featured_media":0,"parent":0,"menu_order":0,"comment_status":"closed","ping_status":"closed","template":"","meta":{"_uag_custom_page_level_css":"","site-sidebar-layout":"default","site-content-layout":"","ast-site-content-layout":"default","site-content-style":"default","site-sidebar-style":"default","ast-global-header-display":"","ast-banner-title-visibility":"","ast-main-header-display":"","ast-hfb-above-header-display":"","ast-hfb-below-header-display":"","ast-hfb-mobile-header-display":"","site-post-title":"disabled","ast-breadcrumbs-content":"","ast-featured-img":"","footer-sml-layout":"","theme-transparent-header-meta":"","adv-header-id-meta":"","stick-header-meta":"","header-above-stick-meta":"","header-main-stick-meta":"","header-below-stick-meta":"","astra-migrate-meta-layouts":"default","ast-page-background-enabled":"default","ast-page-background-meta":{"desktop":{"background-color":"var(--ast-global-color-5)","background-image":"","background-repeat":"repeat","background-position":"center center","background-size":"auto","background-attachment":"scroll","background-type":"","background-media":"","overlay-type":"","overlay-color":"","overlay-opacity":"","overlay-gradient":""},"tablet":{"background-color":"","background-image":"","background-repeat":"repeat","background-position":"center center","background-size":"auto","background-attachment":"scroll","background-type":"","background-media":"","overlay-type":"","overlay-color":"","overlay-opacity":"","overlay-gradient":""},"mobile":{"background-color":"","background-image":"","background-repeat":"repeat","background-position":"center center","background-size":"auto","background-attachment":"scroll","background-type":"","background-media":"","overlay-type":"","overlay-color":"","overlay-opacity":"","overlay-gradient":""}},"ast-content-background-meta":{"desktop":{"background-color":"var(--ast-global-color-4)","background-image":"","background-repeat":"repeat","background-position":"center center","background-size":"auto","background-attachment":"scroll","background-type":"","background-media":"","overlay-type":"","overlay-color":"","overlay-opacity":"","overlay-gradient":""},"tablet":{"background-color":"var(--ast-global-color-4)","background-image":"","background-repeat":"repeat","background-position":"center center","background-size":"auto","background-attachment":"scroll","background-type":"","background-media":"","overlay-type":"","overlay-color":"","overlay-opacity":"","overlay-gradient":""},"mobile":{"background-color":"var(--ast-global-color-4)","background-image":"","background-repeat":"repeat","background-position":"center center","background-size":"auto","background-attachment":"scroll","background-type":"","background-media":"","overlay-type":"","overlay-color":"","overlay-opacity":"","overlay-gradient":""}},"footnotes":""},"class_list":["post-2106","page","type-page","status-publish","hentry"],"uagb_featured_image_src":{"full":false,"thumbnail":false,"medium":false,"medium_large":false,"large":false,"1536x1536":false,"2048x2048":false},"uagb_author_info":{"display_name":"akkukeraysuserWP25","author_link":"https:\/\/akkukerays.fi\/index.php\/author\/akkukeraysuserwp25\/"},"uagb_comment_info":0,"uagb_excerpt":"Onko sinulla muita kysymyksi\u00e4 yrityksellemme? Jos jokin j\u00e4i askarruttamaan, ota rohkeasti yhteytt\u00e4 ja selvitet\u00e4\u00e4n miten voisimme parhaiten palvella.","_links":{"self":[{"href":"https:\/\/akkukerays.fi\/index.php\/wp-json\/wp\/v2\/pages\/2106","targetHints":{"allow":["GET"]}}],"collection":[{"href":"https:\/\/akkukerays.fi\/index.php\/wp-json\/wp\/v2\/pages"}],"about":[{"href":"https:\/\/akkukerays.fi\/index.php\/wp-json\/wp\/v2\/types\/page"}],"author":[{"embeddable":true,"href":"https:\/\/akkukerays.fi\/index.php\/wp-json\/wp\/v2\/users\/1"}],"replies":[{"embeddable":true,"href":"https:\/\/akkukerays.fi\/index.php\/wp-json\/wp\/v2\/comments?post=2106"}],"version-history":[{"count":7,"href":"https:\/\/akkukerays.fi\/index.php\/wp-json\/wp\/v2\/pages\/2106\/revisions"}],"predecessor-version":[{"id":2190,"href":"https:\/\/akkukerays.fi\/index.php\/wp-json\/wp\/v2\/pages\/2106\/revisions\/2190"}],"wp:attachment":[{"href":"https:\/\/akkukerays.fi\/index.php\/wp-json\/wp\/v2\/media?parent=2106"}],"curies":[{"name":"wp","href":"https:\/\/api.w.org\/{rel}","templated":true}]}}