{"id":2112,"date":"2025-11-20T09:41:06","date_gmt":"2025-11-20T07:41:06","guid":{"rendered":"http:\/\/91.190.194.27\/wordpress\/?page_id=2112"},"modified":"2025-12-09T07:57:54","modified_gmt":"2025-12-09T05:57:54","slug":"etusivu-2","status":"publish","type":"page","link":"https:\/\/akkukerays.fi\/","title":{"rendered":"ETUSIVU"},"content":{"rendered":"\n<div class=\"wp-block-cover alignfull\" style=\"min-height:571px;aspect-ratio:unset;\"><img loading=\"lazy\" decoding=\"async\" width=\"2048\" height=\"1365\" class=\"wp-block-cover__image-background wp-image-1435 size-full\" alt=\"\" src=\"http:\/\/91.190.194.27\/wordpress\/wp-content\/uploads\/2022\/01\/DSC3684.jpg\" style=\"object-position:53% 47%\" data-object-fit=\"cover\" data-object-position=\"53% 47%\" srcset=\"https:\/\/akkukerays.fi\/wp-content\/uploads\/2022\/01\/DSC3684.jpg 2048w, https:\/\/akkukerays.fi\/wp-content\/uploads\/2022\/01\/DSC3684-300x200.jpg 300w, https:\/\/akkukerays.fi\/wp-content\/uploads\/2022\/01\/DSC3684-1024x683.jpg 1024w, https:\/\/akkukerays.fi\/wp-content\/uploads\/2022\/01\/DSC3684-768x512.jpg 768w, https:\/\/akkukerays.fi\/wp-content\/uploads\/2022\/01\/DSC3684-1536x1024.jpg 1536w\" sizes=\"auto, (max-width: 2048px) 100vw, 2048px\" \/><span aria-hidden=\"true\" class=\"wp-block-cover__background has-ast-global-color-4-background-color has-background-dim-70 has-background-dim\"><\/span><div class=\"wp-block-cover__inner-container is-layout-constrained wp-block-cover-is-layout-constrained\">\n<figure class=\"wp-block-image aligncenter size-full\"><img loading=\"lazy\" decoding=\"async\" width=\"716\" height=\"229\" src=\"http:\/\/91.190.194.27\/wordpress\/wp-content\/uploads\/2022\/01\/cropped-SuomenAkkukerays_logo_RGB_72dpi.png\" alt=\"\" class=\"wp-image-2091\" srcset=\"https:\/\/akkukerays.fi\/wp-content\/uploads\/2022\/01\/cropped-SuomenAkkukerays_logo_RGB_72dpi.png 716w, https:\/\/akkukerays.fi\/wp-content\/uploads\/2022\/01\/cropped-SuomenAkkukerays_logo_RGB_72dpi-300x96.png 300w, https:\/\/akkukerays.fi\/wp-content\/uploads\/2022\/01\/cropped-SuomenAkkukerays_logo_RGB_72dpi-209x67.png 209w\" sizes=\"auto, (max-width: 716px) 100vw, 716px\" \/><\/figure>\n\n\n\n<p class=\"has-text-align-center\"><\/p>\n<\/div><\/div>\n\n\n\n<div class=\"wp-block-uagb-container uagb-block-178b5b2a alignfull uagb-is-root-container\"><div class=\"uagb-container-inner-blocks-wrap\">\n<div style=\"height:50px\" aria-hidden=\"true\" class=\"wp-block-spacer\"><\/div>\n\n\n\n<h2 class=\"wp-block-heading has-text-align-center has-ast-global-color-0-color has-text-color has-link-color wp-elements-11d3372e71eeebd4b3f02ca1b0a2a88d\">Puhtaamman tulevaisuuden puolesta.<\/h2>\n\n\n\n<h4 class=\"wp-block-heading has-text-align-center\">Kierr\u00e4tystoimintamme perustuu vastuulliseen toimintaan ymp\u00e4rist\u00f6n ja kotimaisen kiertotalouden puolesta. Pitk\u00e4t ja vahvat asiakassuhteet ovat t\u00e4rke\u00e4 osa meid\u00e4n toimintamme perustaa. Tavoitteenamme on olla luotettava yhteisty\u00f6kumppani sek\u00e4 vastuullinen edell\u00e4k\u00e4vij\u00e4 lyijyakkujen kierr\u00e4tyksess\u00e4.<\/h4>\n\n\n\n<div class=\"wp-block-buttons is-content-justification-center is-layout-flex wp-container-core-buttons-is-layout-a89b3969 wp-block-buttons-is-layout-flex\">\n<div class=\"wp-block-button\"><a class=\"wp-block-button__link wp-element-button\" href=\"http:\/\/91.190.194.27\/wordpress\/index.php\/yhteystiedot\/\">Ota yhteytt\u00e4!<\/a><\/div>\n<\/div>\n\n\n\n<div style=\"height:50px\" aria-hidden=\"true\" class=\"wp-block-spacer\"><\/div>\n<\/div><\/div>\n\n\n\n<div class=\"wp-block-uagb-container uagb-block-d20b15b8 alignfull uagb-is-root-container\"><div class=\"uagb-container-inner-blocks-wrap\">\n<div style=\"height:50px\" aria-hidden=\"true\" class=\"wp-block-spacer\"><\/div>\n\n\n\n<h1 class=\"wp-block-heading has-text-align-center has-ast-global-color-4-color has-text-color has-link-color wp-elements-828c79961a0c186ccb982cb042adc16d\">Miksi valita meid\u00e4t?<\/h1>\n\n\n\n<div class=\"wp-block-columns is-layout-flex wp-container-core-columns-is-layout-28f84493 wp-block-columns-is-layout-flex\">\n<div class=\"wp-block-column is-layout-flow wp-block-column-is-layout-flow\">\n<div class=\"wp-block-uagb-counter uagb-block-e53fa97d wp-block-uagb-counter--number\"><span class=\"wp-block-uagb-counter__icon\"><svg xmlns=\"https:\/\/www.w3.org\/2000\/svg\" viewBox=\"0 0 512 512\"><path d=\"M256 512C114.6 512 0 397.4 0 256C0 114.6 114.6 0 256 0C397.4 0 512 114.6 512 256C512 397.4 397.4 512 256 512zM232 256C232 264 236 271.5 242.7 275.1L338.7 339.1C349.7 347.3 364.6 344.3 371.1 333.3C379.3 322.3 376.3 307.4 365.3 300L280 243.2V120C280 106.7 269.3 96 255.1 96C242.7 96 231.1 106.7 231.1 120L232 256z\"><\/path><\/svg><\/span><div class=\"wp-block-uagb-counter__number\"><span class=\"uagb-counter-block-number\" data-duration=\"1.5\" data-to-value=\"33\" data-from-value=\"0\" data-delimiter=\",\"><\/span><\/div><div class=\"wp-block-uagb-counter__title\">VUOTTA KIERR\u00c4TYST\u00c4<\/div><\/div>\n<\/div>\n\n\n\n<div class=\"wp-block-column is-layout-flow wp-block-column-is-layout-flow\">\n<div class=\"wp-block-uagb-counter uagb-block-75e42329 wp-block-uagb-counter--number\"><span class=\"wp-block-uagb-counter__icon\"><svg xmlns=\"https:\/\/www.w3.org\/2000\/svg\" viewBox=\"0 0 512 512\"><path d=\"M80 96C80 78.33 94.33 64 112 64H176C193.7 64 208 78.33 208 96H304C304 78.33 318.3 64 336 64H400C417.7 64 432 78.33 432 96H448C483.3 96 512 124.7 512 160V384C512 419.3 483.3 448 448 448H64C28.65 448 0 419.3 0 384V160C0 124.7 28.65 96 64 96H80zM384 192C384 183.2 376.8 176 368 176C359.2 176 352 183.2 352 192V224H320C311.2 224 304 231.2 304 240C304 248.8 311.2 256 320 256H352V288C352 296.8 359.2 304 368 304C376.8 304 384 296.8 384 288V256H416C424.8 256 432 248.8 432 240C432 231.2 424.8 224 416 224H384V192zM96 256H192C200.8 256 208 248.8 208 240C208 231.2 200.8 224 192 224H96C87.16 224 80 231.2 80 240C80 248.8 87.16 256 96 256z\"><\/path><\/svg><\/span><div class=\"wp-block-uagb-counter__number\"><span class=\"uagb-counter-block-number\" data-duration=\"1.5\" data-to-value=\"532000\" data-from-value=\"0\" data-delimiter=\"\"><\/span><\/div><div class=\"wp-block-uagb-counter__title\">AKKUA VUODESSA<\/div><\/div>\n<\/div>\n<\/div>\n\n\n\n<h4 class=\"wp-block-heading has-text-align-center has-ast-global-color-4-color has-text-color has-link-color wp-elements-543282eb8a8d98400c1807ea1dc231eb\">Olemme luotettava kierr\u00e4tyskumppani, joka tarjoaa erinomaista palvelua koko Suomessa. Uniikin menetelm\u00e4mme ansiosta pystymme erottelemaan akut puhtaiksi raaka-aineiksi \u2013 muovin, lyijyn ja hapon \u2013 ja ohjaamaan ne uusiok\u00e4ytt\u00f6\u00f6n. Autamme l\u00f6yt\u00e4m\u00e4\u00e4n juuri sinulle parhaan tavan kierr\u00e4tt\u00e4\u00e4 akut vastuullisesti.<\/h4>\n\n\n\n<div class=\"wp-block-buttons is-content-justification-center is-layout-flex wp-container-core-buttons-is-layout-a89b3969 wp-block-buttons-is-layout-flex\">\n<div class=\"wp-block-button is-style-fill\"><a class=\"wp-block-button__link has-ast-global-color-0-color has-ast-global-color-4-background-color has-text-color has-background has-link-color wp-element-button\" href=\"http:\/\/91.190.194.27\/wordpress\/index.php\/meista\/\">Lue lis\u00e4\u00e4!<\/a><\/div>\n<\/div>\n\n\n\n<div style=\"height:50px\" aria-hidden=\"true\" class=\"wp-block-spacer\"><\/div>\n<\/div><\/div>\n\n\n\n<div class=\"wp-block-uagb-container uagb-block-a32f57e4 alignfull uagb-is-root-container\"><div class=\"uagb-container-inner-blocks-wrap\">\n<div class=\"wp-block-uagb-container uagb-block-f3ad2268\">\n<h4 class=\"wp-block-heading has-text-align-center\">Meille on t\u00e4rke\u00e4\u00e4 asiakasl\u00e4ht\u00f6isyys, luotettavuus ja tehokkuus. Haluamme tarjota sinulle parhaat kierr\u00e4tyspalvelut.<\/h4>\n\n\n\n<div class=\"wp-block-buttons is-content-justification-center is-layout-flex wp-container-core-buttons-is-layout-a89b3969 wp-block-buttons-is-layout-flex\">\n<div class=\"wp-block-button\"><a class=\"wp-block-button__link wp-element-button\" href=\"https:\/\/akkukerays.fi\/index.php\/akkulaatikot\/\">Akkujen ker\u00e4yslaatikot<\/a><\/div>\n<\/div>\n\n\n\n<div class=\"wp-block-buttons is-content-justification-center is-layout-flex wp-container-core-buttons-is-layout-a89b3969 wp-block-buttons-is-layout-flex\">\n<div class=\"wp-block-button\"><a class=\"wp-block-button__link wp-element-button\" href=\"https:\/\/akkukerays.fi\/index.php\/yritysasiakkaat-2\/\">Kierr\u00e4tyspalvelut yrityksille<\/a><\/div>\n<\/div>\n\n\n\n<div class=\"wp-block-buttons is-content-justification-center is-layout-flex wp-container-core-buttons-is-layout-a89b3969 wp-block-buttons-is-layout-flex\">\n<div class=\"wp-block-button\"><a class=\"wp-block-button__link wp-element-button\" href=\"https:\/\/akkukerays.fi\/index.php\/yritysasiakkaat\/\">Kierr\u00e4tyspalvelut yksityisille<\/a><\/div>\n<\/div>\n<\/div>\n\n\n\n<div class=\"wp-block-uagb-container uagb-block-eedbdec5\">\n<figure class=\"wp-block-image aligncenter size-large is-resized\"><img loading=\"lazy\" decoding=\"async\" width=\"1024\" height=\"683\" src=\"http:\/\/91.190.194.27\/wordpress\/wp-content\/uploads\/2022\/01\/DSC3699-1024x683.jpg\" alt=\"\" class=\"wp-image-1499\" style=\"width:auto;height:400px\" srcset=\"https:\/\/akkukerays.fi\/wp-content\/uploads\/2022\/01\/DSC3699-1024x683.jpg 1024w, https:\/\/akkukerays.fi\/wp-content\/uploads\/2022\/01\/DSC3699-300x200.jpg 300w, https:\/\/akkukerays.fi\/wp-content\/uploads\/2022\/01\/DSC3699-768x512.jpg 768w, https:\/\/akkukerays.fi\/wp-content\/uploads\/2022\/01\/DSC3699-1536x1024.jpg 1536w, https:\/\/akkukerays.fi\/wp-content\/uploads\/2022\/01\/DSC3699.jpg 2048w\" sizes=\"auto, (max-width: 1024px) 100vw, 1024px\" \/><\/figure>\n<\/div>\n<\/div><\/div>\n\n\n\n<p><\/p>\n","protected":false},"excerpt":{"rendered":"<p>Puhtaamman tulevaisuuden puolesta. Kierr\u00e4tystoimintamme perustuu vastuulliseen toimintaan ymp\u00e4rist\u00f6n ja kotimaisen kiertotalouden puolesta. Pitk\u00e4t ja vahvat asiakassuhteet ovat t\u00e4rke\u00e4 osa meid\u00e4n [&hellip;]<\/p>\n","protected":false},"author":1,"featured_media":0,"parent":0,"menu_order":0,"comment_status":"closed","ping_status":"closed","template":"","meta":{"_uag_custom_page_level_css":"","site-sidebar-layout":"default","site-content-layout":"","ast-site-content-layout":"default","site-content-style":"default","site-sidebar-style":"default","ast-global-header-display":"","ast-banner-title-visibility":"","ast-main-header-display":"","ast-hfb-above-header-display":"","ast-hfb-below-header-display":"","ast-hfb-mobile-header-display":"","site-post-title":"disabled","ast-breadcrumbs-content":"","ast-featured-img":"","footer-sml-layout":"","theme-transparent-header-meta":"","adv-header-id-meta":"","stick-header-meta":"","header-above-stick-meta":"","header-main-stick-meta":"","header-below-stick-meta":"","astra-migrate-meta-layouts":"default","ast-page-background-enabled":"default","ast-page-background-meta":{"desktop":{"background-color":"var(--ast-global-color-5)","background-image":"","background-repeat":"repeat","background-position":"center center","background-size":"auto","background-attachment":"scroll","background-type":"","background-media":"","overlay-type":"","overlay-color":"","overlay-opacity":"","overlay-gradient":""},"tablet":{"background-color":"","background-image":"","background-repeat":"repeat","background-position":"center center","background-size":"auto","background-attachment":"scroll","background-type":"","background-media":"","overlay-type":"","overlay-color":"","overlay-opacity":"","overlay-gradient":""},"mobile":{"background-color":"","background-image":"","background-repeat":"repeat","background-position":"center center","background-size":"auto","background-attachment":"scroll","background-type":"","background-media":"","overlay-type":"","overlay-color":"","overlay-opacity":"","overlay-gradient":""}},"ast-content-background-meta":{"desktop":{"background-color":"var(--ast-global-color-4)","background-image":"","background-repeat":"repeat","background-position":"center center","background-size":"auto","background-attachment":"scroll","background-type":"","background-media":"","overlay-type":"","overlay-color":"","overlay-opacity":"","overlay-gradient":""},"tablet":{"background-color":"var(--ast-global-color-4)","background-image":"","background-repeat":"repeat","background-position":"center center","background-size":"auto","background-attachment":"scroll","background-type":"","background-media":"","overlay-type":"","overlay-color":"","overlay-opacity":"","overlay-gradient":""},"mobile":{"background-color":"var(--ast-global-color-4)","background-image":"","background-repeat":"repeat","background-position":"center center","background-size":"auto","background-attachment":"scroll","background-type":"","background-media":"","overlay-type":"","overlay-color":"","overlay-opacity":"","overlay-gradient":""}},"footnotes":""},"class_list":["post-2112","page","type-page","status-publish","hentry"],"uagb_featured_image_src":{"full":false,"thumbnail":false,"medium":false,"medium_large":false,"large":false,"1536x1536":false,"2048x2048":false},"uagb_author_info":{"display_name":"akkukeraysuserWP25","author_link":"https:\/\/akkukerays.fi\/index.php\/author\/akkukeraysuserwp25\/"},"uagb_comment_info":0,"uagb_excerpt":"Puhtaamman tulevaisuuden puolesta. Kierr\u00e4tystoimintamme perustuu vastuulliseen toimintaan ymp\u00e4rist\u00f6n ja kotimaisen kiertotalouden puolesta. Pitk\u00e4t ja vahvat asiakassuhteet ovat t\u00e4rke\u00e4 osa meid\u00e4n [&hellip;]","_links":{"self":[{"href":"https:\/\/akkukerays.fi\/index.php\/wp-json\/wp\/v2\/pages\/2112","targetHints":{"allow":["GET"]}}],"collection":[{"href":"https:\/\/akkukerays.fi\/index.php\/wp-json\/wp\/v2\/pages"}],"about":[{"href":"https:\/\/akkukerays.fi\/index.php\/wp-json\/wp\/v2\/types\/page"}],"author":[{"embeddable":true,"href":"https:\/\/akkukerays.fi\/index.php\/wp-json\/wp\/v2\/users\/1"}],"replies":[{"embeddable":true,"href":"https:\/\/akkukerays.fi\/index.php\/wp-json\/wp\/v2\/comments?post=2112"}],"version-history":[{"count":7,"href":"https:\/\/akkukerays.fi\/index.php\/wp-json\/wp\/v2\/pages\/2112\/revisions"}],"predecessor-version":[{"id":2185,"href":"https:\/\/akkukerays.fi\/index.php\/wp-json\/wp\/v2\/pages\/2112\/revisions\/2185"}],"wp:attachment":[{"href":"https:\/\/akkukerays.fi\/index.php\/wp-json\/wp\/v2\/media?parent=2112"}],"curies":[{"name":"wp","href":"https:\/\/api.w.org\/{rel}","templated":true}]}}