{"id":2113,"date":"2025-11-20T09:40:38","date_gmt":"2025-11-20T07:40:38","guid":{"rendered":"http:\/\/91.190.194.27\/wordpress\/?page_id=2113"},"modified":"2025-12-09T08:05:26","modified_gmt":"2025-12-09T06:05:26","slug":"yritysasiakkaat","status":"publish","type":"page","link":"https:\/\/akkukerays.fi\/index.php\/yritysasiakkaat\/","title":{"rendered":"YKSITYISASIAKKAAT"},"content":{"rendered":"\n<div class=\"wp-block-cover alignfull\" style=\"min-height:571px;aspect-ratio:unset;\"><img loading=\"lazy\" decoding=\"async\" width=\"2000\" height=\"1333\" class=\"wp-block-cover__image-background wp-image-2148 size-full\" alt=\"\" src=\"http:\/\/91.190.194.27\/wordpress\/wp-content\/uploads\/2025\/11\/26864.jpg\" style=\"object-position:46% 78%\" data-object-fit=\"cover\" data-object-position=\"46% 78%\" srcset=\"https:\/\/akkukerays.fi\/wp-content\/uploads\/2025\/11\/26864.jpg 2000w, https:\/\/akkukerays.fi\/wp-content\/uploads\/2025\/11\/26864-300x200.jpg 300w, https:\/\/akkukerays.fi\/wp-content\/uploads\/2025\/11\/26864-1024x682.jpg 1024w, https:\/\/akkukerays.fi\/wp-content\/uploads\/2025\/11\/26864-768x512.jpg 768w, https:\/\/akkukerays.fi\/wp-content\/uploads\/2025\/11\/26864-1536x1024.jpg 1536w\" sizes=\"auto, (max-width: 2000px) 100vw, 2000px\" \/><span aria-hidden=\"true\" class=\"wp-block-cover__background has-ast-global-color-4-background-color has-background-dim-80 has-background-dim\"><\/span><div class=\"wp-block-cover__inner-container is-layout-constrained wp-block-cover-is-layout-constrained\">\n<h1 class=\"wp-block-heading has-text-align-center has-ast-global-color-2-color has-text-color has-link-color has-x-large-font-size wp-elements-c5f70ccc6c6de8ba996d6be47d88ec7c\">Yksityisasiakkaat<\/h1>\n<\/div><\/div>\n\n\n\n<div class=\"wp-block-uagb-container uagb-block-178b5b2a alignfull uagb-is-root-container\"><div class=\"uagb-container-inner-blocks-wrap\">\n<div style=\"height:50px\" aria-hidden=\"true\" class=\"wp-block-spacer\"><\/div>\n\n\n\n<h4 class=\"wp-block-heading has-text-align-center\">Otamme romuakkuja vastaan my\u00f6s yksityishenkil\u00f6ilt\u00e4, m\u00e4\u00e4r\u00e4\u00e4n tai kokoon katsomatta. <br>Lis\u00e4tietoa saat ottamalla meihin yhteytt\u00e4, soittamalla tai s\u00e4hk\u00f6postilla. Kuullaan!<\/h4>\n\n\n\n<div class=\"wp-block-buttons is-content-justification-center is-layout-flex wp-container-core-buttons-is-layout-a89b3969 wp-block-buttons-is-layout-flex\">\n<div class=\"wp-block-button\"><a class=\"wp-block-button__link wp-element-button\" href=\"https:\/\/akkukerays.fi\/index.php\/yhteystiedot\/\">Ota yhteytt\u00e4!<\/a><\/div>\n<\/div>\n\n\n\n<div style=\"height:50px\" aria-hidden=\"true\" class=\"wp-block-spacer\"><\/div>\n<\/div><\/div>\n\n\n\n<p><\/p>\n","protected":false},"excerpt":{"rendered":"<p>Otamme romuakkuja vastaan my\u00f6s yksityishenkil\u00f6ilt\u00e4, m\u00e4\u00e4r\u00e4\u00e4n tai kokoon katsomatta. Lis\u00e4tietoa saat ottamalla meihin yhteytt\u00e4, soittamalla tai s\u00e4hk\u00f6postilla. Kuullaan!<\/p>\n","protected":false},"author":1,"featured_media":0,"parent":0,"menu_order":0,"comment_status":"closed","ping_status":"closed","template":"","meta":{"_uag_custom_page_level_css":"","site-sidebar-layout":"default","site-content-layout":"","ast-site-content-layout":"default","site-content-style":"default","site-sidebar-style":"default","ast-global-header-display":"","ast-banner-title-visibility":"","ast-main-header-display":"","ast-hfb-above-header-display":"","ast-hfb-below-header-display":"","ast-hfb-mobile-header-display":"","site-post-title":"disabled","ast-breadcrumbs-content":"","ast-featured-img":"","footer-sml-layout":"","theme-transparent-header-meta":"","adv-header-id-meta":"","stick-header-meta":"","header-above-stick-meta":"","header-main-stick-meta":"","header-below-stick-meta":"","astra-migrate-meta-layouts":"default","ast-page-background-enabled":"default","ast-page-background-meta":{"desktop":{"background-color":"var(--ast-global-color-5)","background-image":"","background-repeat":"repeat","background-position":"center center","background-size":"auto","background-attachment":"scroll","background-type":"","background-media":"","overlay-type":"","overlay-color":"","overlay-opacity":"","overlay-gradient":""},"tablet":{"background-color":"","background-image":"","background-repeat":"repeat","background-position":"center center","background-size":"auto","background-attachment":"scroll","background-type":"","background-media":"","overlay-type":"","overlay-color":"","overlay-opacity":"","overlay-gradient":""},"mobile":{"background-color":"","background-image":"","background-repeat":"repeat","background-position":"center center","background-size":"auto","background-attachment":"scroll","background-type":"","background-media":"","overlay-type":"","overlay-color":"","overlay-opacity":"","overlay-gradient":""}},"ast-content-background-meta":{"desktop":{"background-color":"var(--ast-global-color-4)","background-image":"","background-repeat":"repeat","background-position":"center center","background-size":"auto","background-attachment":"scroll","background-type":"","background-media":"","overlay-type":"","overlay-color":"","overlay-opacity":"","overlay-gradient":""},"tablet":{"background-color":"var(--ast-global-color-4)","background-image":"","background-repeat":"repeat","background-position":"center center","background-size":"auto","background-attachment":"scroll","background-type":"","background-media":"","overlay-type":"","overlay-color":"","overlay-opacity":"","overlay-gradient":""},"mobile":{"background-color":"var(--ast-global-color-4)","background-image":"","background-repeat":"repeat","background-position":"center center","background-size":"auto","background-attachment":"scroll","background-type":"","background-media":"","overlay-type":"","overlay-color":"","overlay-opacity":"","overlay-gradient":""}},"footnotes":""},"class_list":["post-2113","page","type-page","status-publish","hentry"],"uagb_featured_image_src":{"full":false,"thumbnail":false,"medium":false,"medium_large":false,"large":false,"1536x1536":false,"2048x2048":false},"uagb_author_info":{"display_name":"akkukeraysuserWP25","author_link":"https:\/\/akkukerays.fi\/index.php\/author\/akkukeraysuserwp25\/"},"uagb_comment_info":0,"uagb_excerpt":"Otamme romuakkuja vastaan my\u00f6s yksityishenkil\u00f6ilt\u00e4, m\u00e4\u00e4r\u00e4\u00e4n tai kokoon katsomatta. Lis\u00e4tietoa saat ottamalla meihin yhteytt\u00e4, soittamalla tai s\u00e4hk\u00f6postilla. Kuullaan!","_links":{"self":[{"href":"https:\/\/akkukerays.fi\/index.php\/wp-json\/wp\/v2\/pages\/2113","targetHints":{"allow":["GET"]}}],"collection":[{"href":"https:\/\/akkukerays.fi\/index.php\/wp-json\/wp\/v2\/pages"}],"about":[{"href":"https:\/\/akkukerays.fi\/index.php\/wp-json\/wp\/v2\/types\/page"}],"author":[{"embeddable":true,"href":"https:\/\/akkukerays.fi\/index.php\/wp-json\/wp\/v2\/users\/1"}],"replies":[{"embeddable":true,"href":"https:\/\/akkukerays.fi\/index.php\/wp-json\/wp\/v2\/comments?post=2113"}],"version-history":[{"count":4,"href":"https:\/\/akkukerays.fi\/index.php\/wp-json\/wp\/v2\/pages\/2113\/revisions"}],"predecessor-version":[{"id":2189,"href":"https:\/\/akkukerays.fi\/index.php\/wp-json\/wp\/v2\/pages\/2113\/revisions\/2189"}],"wp:attachment":[{"href":"https:\/\/akkukerays.fi\/index.php\/wp-json\/wp\/v2\/media?parent=2113"}],"curies":[{"name":"wp","href":"https:\/\/api.w.org\/{rel}","templated":true}]}}